{"id":5591,"date":"2021-02-04T15:57:42","date_gmt":"2021-02-04T15:57:42","guid":{"rendered":"http:\/\/centrolex.pt\/?page_id=5591"},"modified":"2021-02-04T15:57:42","modified_gmt":"2021-02-04T15:57:42","slug":"politica-de-privacidade","status":"publish","type":"page","link":"https:\/\/centrolex.pt\/en\/politica-de-privacidade\/","title":{"rendered":"(Portugu\u00eas) Pol\u00edtica de Privacidade"},"content":{"rendered":"<p class=\"qtranxs-available-languages-message qtranxs-available-languages-message-en\">Sorry, this entry is only available in <a href=\"https:\/\/centrolex.pt\/pt\/wp-json\/wp\/v2\/pages\/5591\" class=\"qtranxs-available-language-link qtranxs-available-language-link-pt\" title=\"Portugu\u00eas\">Portugu\u00eas<\/a>. For the sake of viewer convenience, the content is shown below in the alternative language. You may click the link to switch the active language.<\/p><p><\/p>\n<div class=\"eltd-content\">\n<div class=\"eltd-content-inner\">\n<div class=\"eltd-container eltd-default-page-template\">\n<div class=\"eltd-container-inner clearfix\">\n<div class=\"eltd-grid-row\">\n<div class=\"eltd-page-content-holder eltd-grid-col-12\">\n<div class=\"eltd-row-grid-section-wrapper \">\n<div class=\"eltd-row-grid-section\">\n<div class=\"vc_row wpb_row vc_row-fluid vc_custom_1519659657304\">\n<div class=\"wpb_column vc_column_container vc_col-sm-12\">\n<div class=\"vc_column-inner vc_custom_1514371945983\">\n<div class=\"wpb_wrapper\">\n<div class=\"wpb_text_column wpb_content_element \">\n<div class=\"wpb_wrapper\">\n<p><strong>Introdu\u00e7\u00e3o:<\/strong><br \/>\nRespeitamos a privacidade individual e valorizamos a confian\u00e7a dos nossos clientes e parceiros, assumindo com grande seriedade as nossas responsabilidades no que se refere \u00e0 seguran\u00e7a destes mesmos dados. Esta pol\u00edtica de privacidade explica que os seus dados pessoais foram recolhidos, como e por que motivos os usamos, a quem os divulgamos e como protegemos a sua privacidade.<\/p>\n<p><strong>1) Quem \u00e9 o respons\u00e1vel pelo tratamento dos seus dados?<\/strong><br \/>\nA nossa empresa \u00e9 a respons\u00e1vel pelo tratamento dos seus dados pessoais, por meios automatizados ou n\u00e3o, desde a sua recolha, organiza\u00e7\u00e3o, conserva\u00e7\u00e3o at\u00e9 \u00e0 elimina\u00e7\u00e3o.<br \/>\nEsta sociedade conhece e cumpre com as regras previstas para o tratamento de dados pessoais.<br \/>\nPorque assumimos com seriedade a import\u00e2ncia da privacidade dos dados que tratamos, poder\u00e1 sempre contatar-nos a solicitar todas as informa\u00e7\u00f5es acerca do tratamento dos seus dados pessoais.<br \/>\nInformamos que n\u00e3o temos subcontratante para efeitos de tratamento de dados nem fornecemos os mesmos a outras entidades.<\/p>\n<p><strong>2) Que informa\u00e7\u00e3o recolhemos sobre si?<\/strong><br \/>\nA nossa empresa\/sociedade apenas recolhe e trata os seus dados pessoais como o seu nome, morada, n\u00famero de telefone, endere\u00e7o de correio eletr\u00f3nico e outros, quando os mesmos sejam diretamente fornecidos por si, seja atrav\u00e9s do preenchimento de algum formul\u00e1rio de contacto, nomeadamente: Nome, Morada, Telem\u00f3vel, E-mail, entre outros..<\/p>\n<p><strong>3) Como e porque utilizamos os seus dados pessoais?<\/strong><br \/>\nUsamos os seus dados pessoais para:<br \/>\n\u2022Execu\u00e7\u00e3o e cumprimento das nossas obriga\u00e7\u00f5es pr\u00e9-contratuais e contratuais, nomeadamente resposta \u00e0s suas solicita\u00e7\u00f5es, marca\u00e7\u00e3o de servi\u00e7os e interven\u00e7\u00f5es, concess\u00e3o de garantia contratual.<br \/>\n\u2022Cumprirmos as nossas obriga\u00e7\u00f5es legais, nomeadamente para efeitos de garantia legal e de poder ser contactado para a realiza\u00e7\u00e3o de campanhas de marketing visando a divulga\u00e7\u00e3o de novos produtos e marcas.<br \/>\nPara cumprirmos com estas obriga\u00e7\u00f5es pr\u00e9-contratuais, contratuais e legais, nomeadamente: Gerir a sua rela\u00e7\u00e3o com a nossa empresa e garantir os standards de qualidade aplic\u00e1veis ao servi\u00e7o contratado, incluindo a gest\u00e3o e a resposta a consultas e reclama\u00e7\u00f5es em virtude do servi\u00e7o de aten\u00e7\u00e3o ao cliente;<br \/>\nPor outro lado, para garantirmos o devido seguimento \u00e0s suas solicita\u00e7\u00f5es bem como lhe garantirmos a melhor assist\u00eancia poss\u00edvel, os seus dados pessoais poder\u00e3o ser ainda partilhados com os nossos fornecedores ou prestadores de servi\u00e7os no estrito cumprimento de obriga\u00e7\u00f5es legais ou contratuais, sendo certo que a nossa empresa garante que tais entidades se encontram igualmente munidas de medidas t\u00e9cnicas e organizativas para garantir a total prote\u00e7\u00e3o dos seus dados pessoais e que os mesmos apenas tratar\u00e3o dos seus dados para cumprimento integral das finalidades inerentes \u00e0 execu\u00e7\u00e3o do contrato.<br \/>\n\u2022Comunicar e gerir a nossa rela\u00e7\u00e3o contratual consigo, podendo ser contactado por motivos administrativos e\/ ou operacionais.<br \/>\n\u2022Personalizar e melhorar a sua experi\u00eancia de cliente, podendo ser contactado para a realiza\u00e7\u00e3o de Inqu\u00e9ritos de Satisfa\u00e7\u00e3o sobre os nossos servi\u00e7os e produtos.<br \/>\n\u2022O informar de ofertas de que poder\u00e1 gostar, caso tenha indicado que as deseja receber, por exemplo, quando preenche um formul\u00e1rio de contacto ou adquire um servi\u00e7o ou produto. Se n\u00e3o se importar de receber comunica\u00e7\u00f5es de marketing, poderemos fornecer-lhe not\u00edcias nossas, tais como novas ofertas, novas campanhas e novos produtos e servi\u00e7os de que poder\u00e1 gostar.<br \/>\nCaso n\u00e3o queira receber comunica\u00e7\u00f5es de marketing da nossa parte, pode dizer-nos isso mesmo a qualquer momento, expressando a sua prefer\u00eancia em n\u00e3o receber comunica\u00e7\u00f5es de marketing para o e-mail\u00a0<a href=\"http:\/\/geral@centrolex.pt\">geral@centrolex.pt<\/a><br \/>\nA nossa empresa compromete-se consigo a n\u00e3o utilizar a informa\u00e7\u00e3o relativa aos seus dados pessoais para nenhuma finalidade que n\u00e3o sejam as anteriormente descritas.<\/p>\n<p><strong>4) De que forma mantemos os seus dados pessoais seguros?<\/strong><br \/>\nImplement\u00e1mos medidas t\u00e9cnicas e organizativas para proteger os seus dados pessoais contra a destrui\u00e7\u00e3o, acidental ou il\u00edcita, a perda acidental, a altera\u00e7\u00e3o, a difus\u00e3o ou o acesso n\u00e3o autorizado aos mesmos.<br \/>\nOs seus dados pessoais ser\u00e3o tratados e conservados por um per\u00edodo de at\u00e9 10 anos contados a partir da data da \u00faltima aquisi\u00e7\u00e3o de um servi\u00e7o, sem preju\u00edzo do referido prazo poder ser estendido como consequ\u00eancia de novos pedidos de contacto destas entidades.<br \/>\nN\u00e3o obstante o disposto anteriormente, os seus dados ser\u00e3o conservados devidamente bloqueados, pela dura\u00e7\u00e3o correspondente a quaisquer responsabilidades derivadas da execu\u00e7\u00e3o do contrato ou para o cumprimento de outras obriga\u00e7\u00f5es legais.<\/p>\n<p><strong>5) Quais s\u00e3o os seus direitos?<\/strong><br \/>\nTem o direito de, sempre que quiser e gratuitamente, pedir \u00e0 nossa empresa para:<br \/>\n. Aceder aos dados que nos indicou<br \/>\n. Pedir a retifica\u00e7\u00e3o dos seus dados<br \/>\n. Pedir a elimina\u00e7\u00e3o dos seus dados<br \/>\n. Pedir a limita\u00e7\u00e3o do tratamento dos seus dados<br \/>\n. Opor-se ao tratamento dos seus dados<\/p>\n<p>Note-se, por\u00e9m, que caso exista norma ou obriga\u00e7\u00e3o legalmente imposta que se sobreponha a estes direitos, a nossa empresa responder\u00e1 da impossibilidade de executar o pedido, indicando o respetivo fundamento.<\/p>\n<p>Caso considere que os seus dados n\u00e3o est\u00e3o a ser tratados em conformidade com a legisla\u00e7\u00e3o aplic\u00e1vel, designadamente europeia e nacional, lembramos que tem o direito de apresentar reclama\u00e7\u00e3o a uma autoridade de controlo, nomeadamente a CNPD, conforme dados infra:<br \/>\nComiss\u00e3o Nacional de Prote\u00e7\u00e3o de Dados \u2013 CNPD<br \/>\nRua de S\u00e3o Bento, n.\u00ba 148, 3.\u00ba<br \/>\n1200-821 Lisboa<br \/>\nTel: +351 213928400<br \/>\nFax: +351 213976832<br \/>\nE-mail:\u00a0<a href=\"mailto:geral@cnpd.pt\">geral@cnpd.pt<\/a><\/p>\n<p>Para exercer qualquer um dos direitos referidos ou para qualquer esclarecimento adicional sobre o tratamento dos seus dados pessoais, envie um e-mail para\u00a0<a href=\"http:\/\/geral@centrolex.pt\">geral@centrolex.pt<\/a><\/p>\n<\/div>\n<\/div>\n<\/div>\n<\/div>\n<\/div>\n<\/div>\n<\/div>\n<\/div>\n<\/div>\n<\/div>\n<\/div>\n<\/div>\n<\/div>\n<\/div>\n<p><\/p>","protected":false},"excerpt":{"rendered":"<p>Sorry, this entry is only available in Portugu\u00eas. For the sake of viewer convenience, the content is shown below in the alternative language. You may click the link to switch the active language. Introdu\u00e7\u00e3o: Respeitamos a privacidade individual e valorizamos a confian\u00e7a dos nossos clientes e parceiros, assumindo com grande seriedade as nossas responsabilidades no&#8230; <\/p>\n<div class=\"clear\"><\/div>\n<p><a href=\"https:\/\/centrolex.pt\/en\/politica-de-privacidade\/\" class=\"excerpt-read-more\">Read More<\/a><\/p>\n","protected":false},"author":12,"featured_media":0,"parent":0,"menu_order":0,"comment_status":"closed","ping_status":"closed","template":"","meta":{"footnotes":""},"class_list":["post-5591","page","type-page","status-publish","hentry"],"_links":{"self":[{"href":"https:\/\/centrolex.pt\/en\/wp-json\/wp\/v2\/pages\/5591","targetHints":{"allow":["GET"]}}],"collection":[{"href":"https:\/\/centrolex.pt\/en\/wp-json\/wp\/v2\/pages"}],"about":[{"href":"https:\/\/centrolex.pt\/en\/wp-json\/wp\/v2\/types\/page"}],"author":[{"embeddable":true,"href":"https:\/\/centrolex.pt\/en\/wp-json\/wp\/v2\/users\/12"}],"replies":[{"embeddable":true,"href":"https:\/\/centrolex.pt\/en\/wp-json\/wp\/v2\/comments?post=5591"}],"version-history":[{"count":2,"href":"https:\/\/centrolex.pt\/en\/wp-json\/wp\/v2\/pages\/5591\/revisions"}],"predecessor-version":[{"id":5593,"href":"https:\/\/centrolex.pt\/en\/wp-json\/wp\/v2\/pages\/5591\/revisions\/5593"}],"wp:attachment":[{"href":"https:\/\/centrolex.pt\/en\/wp-json\/wp\/v2\/media?parent=5591"}],"curies":[{"name":"wp","href":"https:\/\/api.w.org\/{rel}","templated":true}]}}