{"id":1122,"date":"2013-12-11T07:21:51","date_gmt":"2013-12-11T07:21:51","guid":{"rendered":"http:\/\/themes.goodlayers2.com\/flawless\/?page_id=1122"},"modified":"2015-10-15T14:06:33","modified_gmt":"2015-10-15T14:06:33","slug":"acerca-de-nos","status":"publish","type":"page","link":"https:\/\/centrolex.pt\/de\/acerca-de-nos\/","title":{"rendered":"About Us"},"content":{"rendered":"<p class=\"qtranxs-available-languages-message qtranxs-available-languages-message-de\">Leider ist der Eintrag nur auf <a href=\"https:\/\/centrolex.pt\/pt\/wp-json\/wp\/v2\/pages\/1122\" class=\"qtranxs-available-language-link qtranxs-available-language-link-pt\" title=\"Portugu\u00eas\">Portugu\u00eas<\/a> verf\u00fcgbar. Der Inhalt wird unten in einer verf\u00fcgbaren Sprache angezeigt. Klicken Sie auf den Link, um die aktuelle Sprache zu \u00e4ndern.<\/p><p><div  data-ver=\"3.1\" class=\"map-container rvm-map-container\" id=\"world_mill-map-4799\"  style=\"width:100%;\"><\/div><script type=\"text\/javascript\">( function($) { $(function(){var markers = [{latLng: [41.2062196, -8.2943897 ],name: \"Penafiel\", weburl : \"\" } ,{latLng: [-25.896253, 32.6106835 ],name: \"Maputo\", weburl : \"\" } ,{latLng: [41.1538226, -8.6100191 ],name: \"Porto\", weburl : \"\" } ];var marker_dimensions = [0,0,0];var marker_popup = [\"\",\"\",\"\"];var region_background = {};var region_popup = {};$(\"#world_mill-map-4799\").vectorMap({ map: \"world_mill\" , regionsSelectable: true, regionStyle: { initial: { fill: \"#CCCCCC\", \"fill-opacity\": 1, stroke: \"none\", \"stroke-width\": 1 }, selected: { fill: \"#CCCCCC\" }}, backgroundColor: \"none\", zoomButtons: false, zoomOnScroll: false, onRegionOver : function(event, code){ }, onRegionOut: function(element, code, region) { document.body.style.cursor = \"default\"; }, onRegionClick : function(event, code){}, series: { }, markers: markers, onMarkerClick: function(event, index) {if( markers[index].weburl ) { window.location.assign( markers[index].weburl ) ; } }, markerStyle: {initial: { fill: \"#ec4933\", stroke: \"none\" }}});});})(jQuery);<\/script><script type=\"text\/javascript\">( function($) {var map_container_width = $( \"#world_mill-map-4799\").width();var map_container_height = map_container_width \/ 1.5435268; $(\"#world_mill-map-4799\").css( { \"height\" : map_container_height ,  \"max-height\" : map_container_height } );$( window ).resize( function() {var map_container_width = $( \"#world_mill-map-4799\").width();var map_container_height = map_container_width \/ 1.5435268; $( \"#world_mill-map-4799\").css( { \"height\" : map_container_height ,  \"max-height\" : map_container_height } );});})(jQuery);<\/script><\/p>","protected":false},"excerpt":{"rendered":"","protected":false},"author":7,"featured_media":0,"parent":0,"menu_order":0,"comment_status":"closed","ping_status":"closed","template":"","meta":{"footnotes":""},"class_list":["post-1122","page","type-page","status-publish","hentry"],"_links":{"self":[{"href":"https:\/\/centrolex.pt\/de\/wp-json\/wp\/v2\/pages\/1122","targetHints":{"allow":["GET"]}}],"collection":[{"href":"https:\/\/centrolex.pt\/de\/wp-json\/wp\/v2\/pages"}],"about":[{"href":"https:\/\/centrolex.pt\/de\/wp-json\/wp\/v2\/types\/page"}],"author":[{"embeddable":true,"href":"https:\/\/centrolex.pt\/de\/wp-json\/wp\/v2\/users\/7"}],"replies":[{"embeddable":true,"href":"https:\/\/centrolex.pt\/de\/wp-json\/wp\/v2\/comments?post=1122"}],"version-history":[{"count":31,"href":"https:\/\/centrolex.pt\/de\/wp-json\/wp\/v2\/pages\/1122\/revisions"}],"predecessor-version":[{"id":5188,"href":"https:\/\/centrolex.pt\/de\/wp-json\/wp\/v2\/pages\/1122\/revisions\/5188"}],"wp:attachment":[{"href":"https:\/\/centrolex.pt\/de\/wp-json\/wp\/v2\/media?parent=1122"}],"curies":[{"name":"wp","href":"https:\/\/api.w.org\/{rel}","templated":true}]}}